{"id":6,"date":"2018-07-25T15:30:41","date_gmt":"2018-07-25T15:30:41","guid":{"rendered":"https:\/\/englischstammtisch-osterhofen.de\/?page_id=6"},"modified":"2018-09-13T10:13:52","modified_gmt":"2018-09-13T10:13:52","slug":"ueber-mich","status":"publish","type":"page","link":"https:\/\/englischstammtisch-osterhofen.de\/?page_id=6","title":{"rendered":"Englischstammtisch"},"content":{"rendered":"<p><strong>Der Englischstammtisch Osterhofen<\/strong><br \/>\nIm M\u00e4rz 2001 wurde der Englisch Stammtisch Osterhofen ins Leben gerufen. Er dient vorwiegend dem kulturellen und sprachlichen Austausch zwischen englisch-sprechenden Menschen unterschiedlicher Herkunft und steht allen Gleichgesinnten offen. Treffpunkt ist jeden zweiten und vierten Mittwoch im Monat\u00a0 abwechselnd in verschiedenen Lokalen in Osterhofen.<\/p>\n<p>Mit mittlerweile \u00fcber 250 Mitgliedern z\u00e4hlt Osterhofen zu den gr\u00f6\u00dften Stammtischen der Region. Im Alter zwischen 12 und 82 Jahren, aus den verschiedensten Schichten, kommen die Mitglieder zusammen, um \u00fcber Land und Leute, Hobby oder Beruf oder ganz einfach \u00fcber das Wetter zu plaudern. Auf Englisch nat\u00fcrlich! Ganz ohne Zwang. \u00dcber Fehler wird nat\u00fcrlich nicht gelacht!\u00a0 Es wird dezent\u00a0 weiter geholfen &#8211; wenn erw\u00fcnscht.\u00a0 Ob Anf\u00e4nger oder \u201cnative speaker\u201d &#8211;\u00a0 jeder ist willkommen<\/p>\n<p><strong>Eine tolle Truppe!<\/strong><br \/>\nKein Stammtischmeeting gleicht dem anderen. Es wird geredet, es wird gelacht, es wird Quatsch gemacht und nicht zu vergessen, es wird gesungen! Sogar eine eigene Hymne hat der Stammtisch ins Leben gerufen und die ist mittlerweile bis ins irische Ballybay \u201cwell-known\u201d: \u201cEnglish brings together, makes the Wednesday fine, Englischstammtisch in the heart of mine\u201d.\u00a0 Egal ob Englische, Irische oder Schottische Lieder, alle singen mit Herzenslust. Begleitet von Gitarre, Mundharmonika, Tin-Whistle und auch Dudelsack kommt richtiges \u201cPub-Feeling\u201d auf.<\/p>\n<p><strong>Echte Highlights<\/strong><br \/>\nAber nicht nur Musik und gute Laune ist dem Englischstammtisch auf die Fahne geschrieben.<br \/>\nAuch echt coole Events wurden in den letzten Jahren veranstaltet. So zum Beispiel ein Konzert mit den \u201cNewhouse Strings\u201d 2004,\u00a0 das Konzert \u201cCeltic Wings\u201d 2005, die \u201cHighlandgames for Kids\u201d 2006 oder \u201cFeet on Fire\u201d 2007. Jede Veranstaltung war f\u00fcr sich ein Mega-Erfolg! Aber auch die allj\u00e4hrlich statt-findende Summer Party der Englischstammtische Osterhofen, Plattling und Deggendorf ist ohne Zweifel ein wirkliches\u00a0\u201cHighlight\u201d. Die j\u00e4hrliche &#8222;Christmas-Party&#8220; ist der kr\u00f6nende Abschluss eines jeden Stammtisch-Jahres.<\/p>\n<p><strong>Kein Mitgliedsbeitrag, keine Satzung<\/strong><br \/>\nDer Englischstammtisch Osterhofen ist kein Verein. Jeder kann kommen, wann und wie oft er will. Es existiert keine Mitgliedschaft oder Satzung im herk\u00f6mmlichen Sinne. Darum muss auch kein Beitrag entrichtet werden.\u00a0 Alle Aktivit\u00e4ten finanzieren sich aus freiwilligen Zuwendungen und Spenden von Mitgliedern und G\u00f6nnern.<br \/>\nUnd dass der Englischstammtisch so erfolgreich ist, obwohl er kein Verein ist, liegt einzig und allein im System. Wo sich Menschen wohlf\u00fchlen, will man bleiben, gemeinsam Spa\u00df haben und coole Sachen machen.<\/p>\n<p><strong>Es lohnt sich!<\/strong><br \/>\nNeben dem Spa\u00df-Effekt gibt\u2019s noch gratis Englischunterricht dazu! Hier lernt wirklich jeder was. Ob \u00fcber Land und Leute der englischsprachigen L\u00e4nder, Redewendungen oder neuen Wortschatz. Und wie gesagt &#8211;<br \/>\nes macht wirklich Spa\u00df!<\/p>\n<p><strong>Come &#8211; and join in!<\/strong><br \/>\nAlso nun aber los! Rein in\u2019s Auto, rauf auf\u2019s Rad\u00a0 oder ganz einfach zu Fu\u00df. Der n\u00e4chste Englischstammtisch ist schon bald. Jeden zweiten und vierten Mittwoch im Monat.<br \/>\nIn welchem Lokal, steht entweder\u00a0online im <a href=\"https:\/\/englischstammtisch-osterhofen.de\/?page_id=68\">Terminkalender<\/a>, am jeweiligen Mittwoch in der Osterhofener Zeitung unter \u201cKurz notiert\u201d oder in unserem Taschenkalender (erh\u00e4ltlich am Stammtisch). Mitglieder werden \u00fcbrigens auch per Email an alle wichtigen Ereignisse rechtzeitig erinnert. So ist wirklich jeder immer <strong>up to date.<\/strong><\/p>\n<table id=\"Tabelle3\" border=\"0\" width=\"100%\" cellspacing=\"0\" cellpadding=\"0\">\n<tbody>\n<tr>\n<td width=\"178\"><b>Wann:<\/b><\/td>\n<td valign=\"TOP\" width=\"444\">Jeden zweiten und vierten Mittwoch im Monat ab 19.30 Uhr<\/td>\n<\/tr>\n<tr>\n<td><b>Wo:<\/b><\/td>\n<td valign=\"TOP\"><a href=\"https:\/\/englischstammtisch-osterhofen.de\/?page_id=68\"><b>Siehe Terminkalender<\/b><\/a><\/td>\n<\/tr>\n<tr>\n<td><b>Anzahl der Mitglieder:<\/b><\/td>\n<td valign=\"TOP\">250<\/td>\n<\/tr>\n<tr>\n<td><b>Satzung:<\/b><\/td>\n<td valign=\"TOP\">Keine<\/td>\n<\/tr>\n<tr>\n<td><b>Mitgliedsbeitrag:<\/b><\/td>\n<td valign=\"TOP\">Keiner<\/td>\n<\/tr>\n<tr>\n<td><b>Anforderungen:<\/b><\/td>\n<td valign=\"TOP\">Keine (Ob Anf\u00e4nger oder \u201cNativ Speaker\u201d jeder ist willkommen!)<\/td>\n<\/tr>\n<tr>\n<td><b>Jugendliche: <\/b><\/td>\n<td valign=\"TOP\"><span class=\"Stil1\">Willkommen<\/span><\/td>\n<\/tr>\n<\/tbody>\n<\/table>\n<p><a href=\"https:\/\/englischstammtisch-osterhofen.de\/wp-content\/uploads\/2018\/09\/Folder.pdf\"><img loading=\"lazy\" class=\"wp-image-151 alignnone\" src=\"https:\/\/englischstammtisch-osterhofen.de\/wp-content\/uploads\/2018\/09\/Folder_Seite_1-300x213.jpg\" alt=\"\" width=\"156\" height=\"111\" srcset=\"https:\/\/englischstammtisch-osterhofen.de\/wp-content\/uploads\/2018\/09\/Folder_Seite_1-300x213.jpg 300w, https:\/\/englischstammtisch-osterhofen.de\/wp-content\/uploads\/2018\/09\/Folder_Seite_1-768x544.jpg 768w, https:\/\/englischstammtisch-osterhofen.de\/wp-content\/uploads\/2018\/09\/Folder_Seite_1.jpg 848w\" sizes=\"(max-width: 156px) 100vw, 156px\" \/><\/a><a href=\"https:\/\/englischstammtisch-osterhofen.de\/wp-content\/uploads\/2018\/07\/\" target=\"_blank\" rel=\"noopener\">HIER\u00a0das Englischstammtisch-Prospekt downloaden<\/a><\/p>\n<p>&nbsp;<\/p>\n<div id=\"Text3LYR\" class=\"TextObject\">\n<p>&nbsp;<\/p>\n<\/div>\n","protected":false},"excerpt":{"rendered":"<div class=\"slide-text-bg2\"><span>Der Englischstammtisch Osterhofen Im M\u00e4rz 2001 wurde der Englisch Stammtisch Osterhofen ins Leben gerufen. Er dient vorwiegend dem kulturellen und sprachl<\/span><\/div>\n<div class=\"slide-btn-area-sm\"><a href=\"https:\/\/englischstammtisch-osterhofen.de\/?page_id=6\" class=\"slide-btn-sm\">weiterlesen<\/a><\/div>\n","protected":false},"author":1,"featured_media":0,"parent":0,"menu_order":0,"comment_status":"closed","ping_status":"closed","template":"","meta":[],"_links":{"self":[{"href":"https:\/\/englischstammtisch-osterhofen.de\/index.php?rest_route=\/wp\/v2\/pages\/6"}],"collection":[{"href":"https:\/\/englischstammtisch-osterhofen.de\/index.php?rest_route=\/wp\/v2\/pages"}],"about":[{"href":"https:\/\/englischstammtisch-osterhofen.de\/index.php?rest_route=\/wp\/v2\/types\/page"}],"author":[{"embeddable":true,"href":"https:\/\/englischstammtisch-osterhofen.de\/index.php?rest_route=\/wp\/v2\/users\/1"}],"replies":[{"embeddable":true,"href":"https:\/\/englischstammtisch-osterhofen.de\/index.php?rest_route=%2Fwp%2Fv2%2Fcomments&post=6"}],"version-history":[{"count":14,"href":"https:\/\/englischstammtisch-osterhofen.de\/index.php?rest_route=\/wp\/v2\/pages\/6\/revisions"}],"predecessor-version":[{"id":184,"href":"https:\/\/englischstammtisch-osterhofen.de\/index.php?rest_route=\/wp\/v2\/pages\/6\/revisions\/184"}],"wp:attachment":[{"href":"https:\/\/englischstammtisch-osterhofen.de\/index.php?rest_route=%2Fwp%2Fv2%2Fmedia&parent=6"}],"curies":[{"name":"wp","href":"https:\/\/api.w.org\/{rel}","templated":true}]}}